{"id":558,"date":"2020-12-02T23:17:00","date_gmt":"2020-12-02T23:17:00","guid":{"rendered":"http:\/\/blikkwinkel.com\/?page_id=558"},"modified":"2020-12-07T08:04:40","modified_gmt":"2020-12-07T08:04:40","slug":"impressum","status":"publish","type":"page","link":"https:\/\/blikkwinkel.com\/?page_id=558","title":{"rendered":"Impressum"},"content":{"rendered":"\n<p>Das ist eine private WEB-Seite<\/p>\n\n\n\n<p class=\"has-black-color has-luminous-vivid-amber-background-color has-text-color has-background has-large-font-size\">Impressum<\/p>\n\n\n\n<p>(Angaben gem\u00e4ss \u00a7 5 TMG)<\/p>\n\n\n\n<p>Alexander Goeft<br>August-L\u00e4mmle-Str. 4<br>72127 Kusterdingen<\/p>\n\n\n\n<p><strong>Kontakt<\/strong><\/p>\n\n\n\n<p>Telefon: 07071 7608494<br>E-Mail: webmaster@blikkwinkel.com<\/p>\n\n\n\n<p><strong>Verantwortlich f\u00fcr die Inhalte<\/strong><\/p>\n\n\n\n<p>(nach &amp; 55 Abs.2 RStV)<\/p>\n\n\n\n<p>Alexander Goeft<br>August-L\u00e4mmle-Str. 4<br>72127 Kusterdingen<\/p>\n\n\n\n<p><strong>Haftungsausschluss<\/strong><\/p>\n\n\n\n<p><strong>Haftung f\u00fcr Inhalte<\/strong><\/p>\n\n\n\n<p>Die Inhalte unserer Seiten wurden mit gr\u00f6\u00dfter Sorgfalt erstellt. F\u00fcr die Richtigkeit, Vollst\u00e4ndigkeit und Aktualit\u00e4t der Inhalte k\u00f6nnen wir jedoch keine Gew\u00e4hr \u00fcbernehmen. Als Diensteanbieter sind wir gem\u00e4\u00df \u00a7 7 Abs.1 TMG f\u00fcr eigene Inhalte auf diesen Seiten nach den allgemeinen Gesetzen verantwortlich. Nach \u00a7\u00a7 8 bis 10 TMG sind wir als Diensteanbieter jedoch nicht verpflichtet, \u00fcbermittelte oder gespeicherte fremde Informationen zu \u00fcberwachen oder nach Umst\u00e4nden zu forschen, die auf eine rechtswidrige T\u00e4tigkeit hinweisen. Verpflichtungen zur Entfernung oder Sperrung der Nutzung von Informationen nach den allgemeinen Gesetzen bleiben hiervon unber\u00fchrt. Eine diesbez\u00fcgliche Haftung ist jedoch erst ab dem Zeitpunkt der Kenntnis einer konkreten Rechtsverletzung m\u00f6glich. Bei Bekanntwerden von entsprechenden Rechtsverletzungen werden wir diese Inhalte umgehend entfernen.<\/p>\n\n\n\n<p><strong>Haftung f\u00fcr Links<\/strong><\/p>\n\n\n\n<p>Unser Angebot enth\u00e4lt Links zu externen Webseiten Dritter, auf deren Inhalte wir keinen Einfluss haben. Deshalb k\u00f6nnen wir f\u00fcr diese fremden Inhalte auch keine Gew\u00e4hr \u00fcbernehmen. F\u00fcr die Inhalte der verlinkten Seiten ist stets der jeweilige Anbieter oder Betreiber der Seiten verantwortlich. Die verlinkten Seiten wurden zum Zeitpunkt der Verlinkung auf m\u00f6gliche Rechtsverst\u00f6\u00dfe \u00fcberpr\u00fcft. Rechtswidrige Inhalte waren zum Zeitpunkt der Verlinkung nicht erkennbar. Bei Bekanntwerden von Rechtsverletzungen werden wir derartige Links umgehend entfernen.<\/p>\n","protected":false},"excerpt":{"rendered":"<p>Das ist eine private WEB-Seite Impressum (Angaben gem\u00e4ss \u00a7 5 TMG) Alexander GoeftAugust-L\u00e4mmle-Str. 472127 Kusterdingen Kontakt Telefon: 07071 7608494E-Mail: webmaster@blikkwinkel.com Verantwortlich f\u00fcr die Inhalte (nach &amp; 55 Abs.2 RStV) Alexander GoeftAugust-L\u00e4mmle-Str. 472127 Kusterdingen Haftungsausschluss Haftung f\u00fcr Inhalte Die Inhalte unserer<\/p>\n","protected":false},"author":1,"featured_media":0,"parent":0,"menu_order":0,"comment_status":"closed","ping_status":"closed","template":"","meta":[],"_links":{"self":[{"href":"https:\/\/blikkwinkel.com\/index.php?rest_route=\/wp\/v2\/pages\/558"}],"collection":[{"href":"https:\/\/blikkwinkel.com\/index.php?rest_route=\/wp\/v2\/pages"}],"about":[{"href":"https:\/\/blikkwinkel.com\/index.php?rest_route=\/wp\/v2\/types\/page"}],"author":[{"embeddable":true,"href":"https:\/\/blikkwinkel.com\/index.php?rest_route=\/wp\/v2\/users\/1"}],"replies":[{"embeddable":true,"href":"https:\/\/blikkwinkel.com\/index.php?rest_route=%2Fwp%2Fv2%2Fcomments&post=558"}],"version-history":[{"count":2,"href":"https:\/\/blikkwinkel.com\/index.php?rest_route=\/wp\/v2\/pages\/558\/revisions"}],"predecessor-version":[{"id":574,"href":"https:\/\/blikkwinkel.com\/index.php?rest_route=\/wp\/v2\/pages\/558\/revisions\/574"}],"wp:attachment":[{"href":"https:\/\/blikkwinkel.com\/index.php?rest_route=%2Fwp%2Fv2%2Fmedia&parent=558"}],"curies":[{"name":"wp","href":"https:\/\/api.w.org\/{rel}","templated":true}]}}